{"id":676,"date":"2019-08-20T12:07:29","date_gmt":"2019-08-20T12:07:29","guid":{"rendered":"https:\/\/matchthemes.com\/testin\/?page_id=676"},"modified":"2026-02-22T03:08:22","modified_gmt":"2026-02-22T00:08:22","slug":"case-studies-3-cols","status":"publish","type":"page","link":"https:\/\/zengerhukuk.com\/index.php\/case-studies-3-cols\/","title":{"rendered":"DAVALAR"},"content":{"rendered":"\t\t<div data-elementor-type=\"wp-post\" data-elementor-id=\"676\" class=\"elementor elementor-676\">\n\t\t\t\t\t\t<section class=\"elementor-section elementor-top-section elementor-element elementor-element-1634839 elementor-section-boxed elementor-section-height-default elementor-section-height-default\" data-id=\"1634839\" data-element_type=\"section\">\n\t\t\t\t\t\t<div class=\"elementor-container elementor-column-gap-default\">\n\t\t\t\t\t<div class=\"elementor-column elementor-col-100 elementor-top-column elementor-element elementor-element-5cffe0e\" data-id=\"5cffe0e\" data-element_type=\"column\">\n\t\t\t<div class=\"elementor-widget-wrap elementor-element-populated\">\n\t\t\t\t\t\t<div class=\"elementor-element elementor-element-157cd16 elementor-widget elementor-widget-shortcode\" data-id=\"157cd16\" data-element_type=\"widget\" data-widget_type=\"shortcode.default\">\n\t\t\t\t<div class=\"elementor-widget-container\">\n\t\t\t\t\t\t\t<div class=\"elementor-shortcode\"><ul class=\"portfolio-filter\"><li><a class=\"read-more current\" href=\"#\" data-filter=\"*\">Show All<\/a><\/li><li><a class=\"view-more\" href=\"#\" data-filter=\".finance\">Finance<\/a><\/li><li><a class=\"view-more\" href=\"#\" data-filter=\".health-care\">Health Care<\/a><\/li><li><a class=\"view-more\" href=\"#\" data-filter=\".injuries\">Injuries<\/a><\/li><\/ul><div class=\"case-studies-holder case-studies-short layout-masonry \"><div class=\"case-study case-3col blog-item-masonry health-care  injuries \"><div class=\"case-img-holder\"><a href=\"https:\/\/zengerhukuk.com\/index.php\/cases\/trafik-kazasi-davalari\/\"><div class=\"case-img\" style=\"background-image:url(https:\/\/zengerhukuk.com\/wp-content\/uploads\/2019\/08\/practice-1-1.jpg);\"><\/div><\/a><\/div><div class=\"case-content-v1\"><ul class=\"case-categ\"><li>Health Care<\/li><li>Injuries<\/li><\/ul><h4><a href=\"https:\/\/zengerhukuk.com\/index.php\/cases\/trafik-kazasi-davalari\/\">Trafik Kazas\u0131 Davalar\u0131<\/a><\/h4><div class=\"case-plus\"><i class=\"fas fa-angle-double-right\"><\/i><\/div><\/div><\/div><div class=\"case-study case-3col blog-item-masonry finance \"><div class=\"case-img-holder\"><a href=\"https:\/\/zengerhukuk.com\/index.php\/cases\/is-hukuku-davalari\/\"><div class=\"case-img\" style=\"background-image:url(https:\/\/zengerhukuk.com\/wp-content\/uploads\/2019\/08\/case-2-1.jpg);\"><\/div><\/a><\/div><div class=\"case-content-v1\"><ul class=\"case-categ\"><li>Finance<\/li><\/ul><h4><a href=\"https:\/\/zengerhukuk.com\/index.php\/cases\/is-hukuku-davalari\/\">\u0130\u015f Hukuku Davalar\u0131<\/a><\/h4><div class=\"case-plus\"><i class=\"fas fa-angle-double-right\"><\/i><\/div><\/div><\/div><div class=\"case-study case-3col blog-item-masonry finance \"><div class=\"case-img-holder\"><a href=\"https:\/\/zengerhukuk.com\/index.php\/cases\/ceza-davalari\/\"><div class=\"case-img\" style=\"background-image:url(https:\/\/zengerhukuk.com\/wp-content\/uploads\/2019\/08\/case-3-1.jpg);\"><\/div><\/a><\/div><div class=\"case-content-v1\"><ul class=\"case-categ\"><li>Finance<\/li><\/ul><h4><a href=\"https:\/\/zengerhukuk.com\/index.php\/cases\/ceza-davalari\/\">Ceza Davalar\u0131<\/a><\/h4><div class=\"case-plus\"><i class=\"fas fa-angle-double-right\"><\/i><\/div><\/div><\/div><div class=\"case-study case-3col blog-item-masonry injuries \"><div class=\"case-img-holder\"><a href=\"https:\/\/zengerhukuk.com\/index.php\/cases\/bosanma-davalari\/\"><div class=\"case-img\" style=\"background-image:url(https:\/\/zengerhukuk.com\/wp-content\/uploads\/2019\/08\/case-5-1.jpg);\"><\/div><\/a><\/div><div class=\"case-content-v1\"><ul class=\"case-categ\"><li>Injuries<\/li><\/ul><h4><a href=\"https:\/\/zengerhukuk.com\/index.php\/cases\/bosanma-davalari\/\">Bo\u015fanma Davalar\u0131<\/a><\/h4><div class=\"case-plus\"><i class=\"fas fa-angle-double-right\"><\/i><\/div><\/div><\/div><div class=\"case-study case-3col blog-item-masonry health-care  injuries \"><div class=\"case-img-holder\"><a href=\"https:\/\/zengerhukuk.com\/index.php\/cases\/ortakligin-giderilmesi-davalari\/\"><div class=\"case-img\" style=\"background-image:url(https:\/\/zengerhukuk.com\/wp-content\/uploads\/2019\/08\/case-6-1.jpg);\"><\/div><\/a><\/div><div class=\"case-content-v1\"><ul class=\"case-categ\"><li>Health Care<\/li><li>Injuries<\/li><\/ul><h4><a href=\"https:\/\/zengerhukuk.com\/index.php\/cases\/ortakligin-giderilmesi-davalari\/\">Ortakl\u0131\u011f\u0131n Giderilmesi Davalar\u0131 (\u0130zalei \u015euyu)<\/a><\/h4><div class=\"case-plus\"><i class=\"fas fa-angle-double-right\"><\/i><\/div><\/div><\/div><div class=\"case-study case-3col blog-item-masonry health-care \"><div class=\"case-img-holder\"><a href=\"https:\/\/zengerhukuk.com\/index.php\/cases\/tazminat-davalari\/\"><div class=\"case-img\" style=\"background-image:url(https:\/\/zengerhukuk.com\/wp-content\/uploads\/2019\/08\/case-7-1.jpg);\"><\/div><\/a><\/div><div class=\"case-content-v1\"><ul class=\"case-categ\"><li>Health Care<\/li><\/ul><h4><a href=\"https:\/\/zengerhukuk.com\/index.php\/cases\/tazminat-davalari\/\">Tazminat Davalar\u0131<\/a><\/h4><div class=\"case-plus\"><i class=\"fas fa-angle-double-right\"><\/i><\/div><\/div><\/div><\/div><\/div>\n\t\t\t\t\t\t<\/div>\n\t\t\t\t<\/div>\n\t\t\t\t\t<\/div>\n\t\t<\/div>\n\t\t\t\t\t<\/div>\n\t\t<\/section>\n\t\t<div class=\"elementor-element elementor-element-822afb4 e-flex e-con-boxed e-con e-parent\" data-id=\"822afb4\" data-element_type=\"container\">\n\t\t\t\t\t<div class=\"e-con-inner\">\n\t\t\t\t<div class=\"elementor-element elementor-element-17a5a07 elementor-widget elementor-widget-button\" data-id=\"17a5a07\" data-element_type=\"widget\" data-widget_type=\"button.default\">\n\t\t\t\t<div class=\"elementor-widget-container\">\n\t\t\t\t\t\t\t\t\t<div class=\"elementor-button-wrapper\">\n\t\t\t\t\t<a class=\"elementor-button elementor-button-link elementor-size-sm\" href=\"#\">\n\t\t\t\t\t\t<span class=\"elementor-button-content-wrapper\">\n\t\t\t\t\t\t\t\t\t<span class=\"elementor-button-text\">Buraya t\u0131kla<\/span>\n\t\t\t\t\t<\/span>\n\t\t\t\t\t<\/a>\n\t\t\t\t<\/div>\n\t\t\t\t\t\t\t\t<\/div>\n\t\t\t\t<\/div>\n\t\t\t\t\t<\/div>\n\t\t\t\t<\/div>\n\t\t\t\t<\/div>\n\t\t","protected":false},"excerpt":{"rendered":"<p>Buraya t\u0131kla<\/p>\n","protected":false},"author":1,"featured_media":3535,"parent":0,"menu_order":0,"comment_status":"closed","ping_status":"closed","template":"","meta":{"_acf_changed":false,"footnotes":""},"class_list":["post-676","page","type-page","status-publish","has-post-thumbnail","hentry"],"acf":[],"_links":{"self":[{"href":"https:\/\/zengerhukuk.com\/index.php\/wp-json\/wp\/v2\/pages\/676","targetHints":{"allow":["GET"]}}],"collection":[{"href":"https:\/\/zengerhukuk.com\/index.php\/wp-json\/wp\/v2\/pages"}],"about":[{"href":"https:\/\/zengerhukuk.com\/index.php\/wp-json\/wp\/v2\/types\/page"}],"author":[{"embeddable":true,"href":"https:\/\/zengerhukuk.com\/index.php\/wp-json\/wp\/v2\/users\/1"}],"replies":[{"embeddable":true,"href":"https:\/\/zengerhukuk.com\/index.php\/wp-json\/wp\/v2\/comments?post=676"}],"version-history":[{"count":4,"href":"https:\/\/zengerhukuk.com\/index.php\/wp-json\/wp\/v2\/pages\/676\/revisions"}],"predecessor-version":[{"id":3538,"href":"https:\/\/zengerhukuk.com\/index.php\/wp-json\/wp\/v2\/pages\/676\/revisions\/3538"}],"wp:featuredmedia":[{"embeddable":true,"href":"https:\/\/zengerhukuk.com\/index.php\/wp-json\/wp\/v2\/media\/3535"}],"wp:attachment":[{"href":"https:\/\/zengerhukuk.com\/index.php\/wp-json\/wp\/v2\/media?parent=676"}],"curies":[{"name":"wp","href":"https:\/\/api.w.org\/{rel}","templated":true}]}}