{"id":852,"date":"2019-08-22T11:59:02","date_gmt":"2019-08-22T11:59:02","guid":{"rendered":"https:\/\/matchthemes.com\/testin\/?page_id=852"},"modified":"2026-02-22T02:52:33","modified_gmt":"2026-02-21T23:52:33","slug":"anasayfa","status":"publish","type":"page","link":"https:\/\/zengerhukuk.com\/","title":{"rendered":"anasayfa"},"content":{"rendered":"\t\t<div data-elementor-type=\"wp-post\" data-elementor-id=\"852\" class=\"elementor elementor-852\">\n\t\t\t\t\t\t<section class=\"elementor-section elementor-top-section elementor-element elementor-element-be7858b elementor-section-boxed elementor-section-height-default elementor-section-height-default\" data-id=\"be7858b\" data-element_type=\"section\">\n\t\t\t\t\t\t<div class=\"elementor-container elementor-column-gap-default\">\n\t\t\t\t\t<div class=\"elementor-column elementor-col-100 elementor-top-column elementor-element elementor-element-bddb98e\" data-id=\"bddb98e\" data-element_type=\"column\">\n\t\t\t<div class=\"elementor-widget-wrap elementor-element-populated\">\n\t\t\t\t\t\t<div class=\"elementor-element elementor-element-5b7e64b heading-title elementor-widget elementor-widget-heading\" data-id=\"5b7e64b\" data-element_type=\"widget\" data-widget_type=\"heading.default\">\n\t\t\t\t<div class=\"elementor-widget-container\">\n\t\t\t\t\t<h2 class=\"elementor-heading-title elementor-size-default\">Zenger Hukuk &amp; Dan\u0131\u015fmanl\u0131k<\/h2>\t\t\t\t<\/div>\n\t\t\t\t<\/div>\n\t\t\t\t<div class=\"elementor-element elementor-element-58dc2bd elementor-widget elementor-widget-heading\" data-id=\"58dc2bd\" data-element_type=\"widget\" data-widget_type=\"heading.default\">\n\t\t\t\t<div class=\"elementor-widget-container\">\n\t\t\t\t\t<p class=\"elementor-heading-title elementor-size-default\"><p>Adalet aray\u0131\u015f\u0131n\u0131zda yan\u0131n\u0131zday\u0131z. Alan\u0131nda uzman avukatlar\u0131m\u0131z, hukukun her alan\u0131nda size en do\u011fru rehberli\u011fi sunmak i\u00e7in burada. \u0130\u015fimizi sadece mesleki bir sorumluluk olarak de\u011fil, ayn\u0131 zamanda size hak etti\u011finiz g\u00fcveni ve huzuru sa\u011flama misyonu olarak g\u00f6r\u00fcyoruz.<\/p><p>\u0130ster bireysel hukuki sorunlar\u0131n\u0131zda, ister kurumsal ihtiya\u00e7lar\u0131n\u0131zda destek aray\u0131n; \u00e7\u00f6z\u00fcm odakl\u0131 yakla\u015f\u0131m\u0131m\u0131zla yan\u0131n\u0131zday\u0131z. G\u00fc\u00e7l\u00fc bir savunma, titiz bir ara\u015ft\u0131rma ve etik de\u011ferlere ba\u011fl\u0131l\u0131kla sizin i\u00e7in en iyi sonu\u00e7lar\u0131 elde etmeyi hedefliyoruz.<\/p><p>Size \u00f6zel \u00e7\u00f6z\u00fcmler i\u00e7in bizimle ileti\u015fime ge\u00e7in. Adaletin pe\u015finde birlikte y\u00fcr\u00fcyelim!<\/p><\/p>\t\t\t\t<\/div>\n\t\t\t\t<\/div>\n\t\t\t\t<div class=\"elementor-element elementor-element-330adfc elementor-widget elementor-widget-button\" data-id=\"330adfc\" data-element_type=\"widget\" data-widget_type=\"button.default\">\n\t\t\t\t<div class=\"elementor-widget-container\">\n\t\t\t\t\t\t\t\t\t<div class=\"elementor-button-wrapper\">\n\t\t\t\t\t<a class=\"elementor-button elementor-button-link elementor-size-sm\" href=\"https:\/\/zengerhukuk.com\/index.php\/contact\/\">\n\t\t\t\t\t\t<span class=\"elementor-button-content-wrapper\">\n\t\t\t\t\t\t\t\t\t<span class=\"elementor-button-text\">Bizimle \u0130leti\u015fime Ge\u00e7in<\/span>\n\t\t\t\t\t<\/span>\n\t\t\t\t\t<\/a>\n\t\t\t\t<\/div>\n\t\t\t\t\t\t\t\t<\/div>\n\t\t\t\t<\/div>\n\t\t\t\t\t<\/div>\n\t\t<\/div>\n\t\t\t\t\t<\/div>\n\t\t<\/section>\n\t\t\t\t<section class=\"elementor-section elementor-top-section elementor-element elementor-element-03f748d elementor-section-boxed elementor-section-height-default elementor-section-height-default\" data-id=\"03f748d\" data-element_type=\"section\">\n\t\t\t\t\t\t<div class=\"elementor-container elementor-column-gap-default\">\n\t\t\t\t\t<div class=\"elementor-column elementor-col-33 elementor-top-column elementor-element elementor-element-e646474\" data-id=\"e646474\" data-element_type=\"column\">\n\t\t\t<div class=\"elementor-widget-wrap elementor-element-populated\">\n\t\t\t\t\t\t<div class=\"elementor-element elementor-element-727eea5 heading-subtitle elementor-widget elementor-widget-heading\" data-id=\"727eea5\" data-element_type=\"widget\" data-widget_type=\"heading.default\">\n\t\t\t\t<div class=\"elementor-widget-container\">\n\t\t\t\t\t<span class=\"elementor-heading-title elementor-size-default\">Ekibimiz<\/span>\t\t\t\t<\/div>\n\t\t\t\t<\/div>\n\t\t\t\t<div class=\"elementor-element elementor-element-c4d3702 heading-title elementor-widget__width-initial elementor-widget elementor-widget-heading\" data-id=\"c4d3702\" data-element_type=\"widget\" data-widget_type=\"heading.default\">\n\t\t\t\t<div class=\"elementor-widget-container\">\n\t\t\t\t\t<h2 class=\"elementor-heading-title elementor-size-default\">Avukatlar\u0131m\u0131zla Tan\u0131\u015f\u0131n<\/h2>\t\t\t\t<\/div>\n\t\t\t\t<\/div>\n\t\t\t\t<div class=\"elementor-element elementor-element-a92d019 elementor-widget elementor-widget-text-editor\" data-id=\"a92d019\" data-element_type=\"widget\" data-widget_type=\"text-editor.default\">\n\t\t\t\t<div class=\"elementor-widget-container\">\n\t\t\t\t\t\t\t\t\t<p>Alan\u0131nda uzman ekibimizle, ihtiya\u00e7lar\u0131n\u0131za en uygun \u00e7\u00f6z\u00fcmleri sunmak i\u00e7in yan\u0131n\u0131zday\u0131z.<\/p><ul><li><strong>Uzman ve Deneyimli Kadro:<\/strong> Her biri alan\u0131nda uzman avukatlar\u0131m\u0131z, hukukun farkl\u0131 dallar\u0131ndaki bilgi ve tecr\u00fcbeleriyle yan\u0131n\u0131zda.<\/li><li><strong>Ki\u015fiye \u00d6zel \u00c7\u00f6z\u00fcmler:<\/strong> Sorunlar\u0131n\u0131za en uygun hukuki stratejiler geli\u015ftirerek sizin i\u00e7in en iyi sonucu hedefliyoruz.<\/li><li><strong>\u015eeffafl\u0131k ve G\u00fcven:<\/strong> Etik de\u011ferlere ba\u011fl\u0131, d\u00fcr\u00fcst ve a\u00e7\u0131k bir hizmet anlay\u0131\u015f\u0131yla \u00e7al\u0131\u015f\u0131yoruz.<\/li><\/ul><p>Adalet yolculu\u011funuzda g\u00fc\u00e7l\u00fc bir ortak olun!<\/p>\t\t\t\t\t\t\t\t<\/div>\n\t\t\t\t<\/div>\n\t\t\t\t<div class=\"elementor-element elementor-element-8215a1f elementor-widget elementor-widget-button\" data-id=\"8215a1f\" data-element_type=\"widget\" data-widget_type=\"button.default\">\n\t\t\t\t<div class=\"elementor-widget-container\">\n\t\t\t\t\t\t\t\t\t<div class=\"elementor-button-wrapper\">\n\t\t\t\t\t<a class=\"elementor-button elementor-button-link elementor-size-sm\" href=\"https:\/\/zengerhukuk.com\/index.php\/attorneys\/\">\n\t\t\t\t\t\t<span class=\"elementor-button-content-wrapper\">\n\t\t\t\t\t\t\t\t\t<span class=\"elementor-button-text\">Daha fazla bilgi edinin<\/span>\n\t\t\t\t\t<\/span>\n\t\t\t\t\t<\/a>\n\t\t\t\t<\/div>\n\t\t\t\t\t\t\t\t<\/div>\n\t\t\t\t<\/div>\n\t\t\t\t\t<\/div>\n\t\t<\/div>\n\t\t\t\t<div class=\"elementor-column elementor-col-66 elementor-top-column elementor-element elementor-element-11c4b9a\" data-id=\"11c4b9a\" data-element_type=\"column\">\n\t\t\t<div class=\"elementor-widget-wrap elementor-element-populated\">\n\t\t\t\t\t\t<div class=\"elementor-element elementor-element-8819030 elementor-widget elementor-widget-shortcode\" data-id=\"8819030\" data-element_type=\"widget\" data-widget_type=\"shortcode.default\">\n\t\t\t\t<div class=\"elementor-widget-container\">\n\t\t\t\t\t\t\t<div class=\"elementor-shortcode\"><div class=\"short_team \"><div class=\"row\"><div class=\"col-md-6\"><div class=\"lawyer-holder lawyer-2col\"><a href=\"https:\/\/zengerhukuk.com\/index.php\/team\/sumeyye-sena-zenger\/\"><img fetchpriority=\"high\" decoding=\"async\" width=\"600\" height=\"550\" src=\"https:\/\/zengerhukuk.com\/wp-content\/uploads\/2019\/08\/6699749f-e66a-42bd-8388-3c709726a238-600x550.jpg\" class=\"img-fluid wp-post-image\" alt=\"S\u00fcmeyye Sena ZENGER\" \/><\/a><div class=\"lawyer-position\">AVUKAT<\/div><h2 class=\"lawyer-title\"><a href=\"https:\/\/zengerhukuk.com\/index.php\/team\/sumeyye-sena-zenger\/\">S\u00fcmeyye Sena ZENGER<\/a><\/h2><ul class=\"lawyer-social\"><li><a href=\" # \" target=\"_blank\"><i class=\"fab fa-twitter\"><\/i><\/a><\/li><li><a href=\" # \" target=\"_blank\"><i class=\"fab fa-facebook-f\"><\/i><\/a><\/li><li><a href=\" # \" target=\"_blank\"><i class=\"fab fa-linkedin-in\"><\/i><\/a><\/li><li><a href=\"mailto: # \" target=\"_blank\"><i class=\"far fa-envelope\"><\/i><\/a><\/li><\/ul><\/div><\/div><div class=\"col-md-6\"><div class=\"lawyer-holder lawyer-2col\"><a href=\"https:\/\/zengerhukuk.com\/index.php\/team\/avemirhanzenger\/\"><img decoding=\"async\" width=\"600\" height=\"550\" src=\"https:\/\/zengerhukuk.com\/wp-content\/uploads\/2019\/08\/cf78d243-9d36-47ef-9d3d-c3c8cd07922b-600x550.jpg\" class=\"img-fluid wp-post-image\" alt=\"Emirhan ZENGER\" \/><\/a><div class=\"lawyer-position\">KURUCU AVUKAT<\/div><h2 class=\"lawyer-title\"><a href=\"https:\/\/zengerhukuk.com\/index.php\/team\/avemirhanzenger\/\">Emirhan ZENGER<\/a><\/h2><ul class=\"lawyer-social\"><li><a href=\" # \" target=\"_blank\"><i class=\"fab fa-twitter\"><\/i><\/a><\/li><li><a href=\" # \" target=\"_blank\"><i class=\"fab fa-facebook-f\"><\/i><\/a><\/li><\/ul><\/div><\/div><\/div><\/div><\/div>\n\t\t\t\t\t\t<\/div>\n\t\t\t\t<\/div>\n\t\t\t\t\t<\/div>\n\t\t<\/div>\n\t\t\t\t\t<\/div>\n\t\t<\/section>\n\t\t<div class=\"elementor-element elementor-element-8121f84 e-flex e-con-boxed e-con e-parent\" data-id=\"8121f84\" data-element_type=\"container\">\n\t\t\t\t\t<div class=\"e-con-inner\">\n\t\t\t\t<div class=\"elementor-element elementor-element-468fc3f elementor-widget elementor-widget-shortcode\" data-id=\"468fc3f\" data-element_type=\"widget\" data-widget_type=\"shortcode.default\">\n\t\t\t\t<div class=\"elementor-widget-container\">\n\t\t\t\t\t\t\t<div class=\"elementor-shortcode\"><div class=\"short_practice_areas_image \"><div class=\"row practice-items-holder-v2\"><div class=\"col-lg-4 col-sm-6\"><div class=\"practice-item-v2\"><a href=\"https:\/\/zengerhukuk.com\/index.php\/practice-items\/trafik-kazalari\/\"><div class=\"post-image\"><img decoding=\"async\" width=\"600\" height=\"400\" src=\"https:\/\/zengerhukuk.com\/wp-content\/uploads\/2019\/08\/practice-1-1.jpg\" class=\"img-fluid wp-post-image\" alt=\"\" srcset=\"https:\/\/zengerhukuk.com\/wp-content\/uploads\/2019\/08\/practice-1-1.jpg 600w, https:\/\/zengerhukuk.com\/wp-content\/uploads\/2019\/08\/practice-1-1-300x200.jpg 300w\" sizes=\"(max-width: 600px) 100vw, 600px\" \/><\/div><\/a><h5 class=\"practice-title-v2\"><a href=\"https:\/\/zengerhukuk.com\/index.php\/practice-items\/trafik-kazalari\/\">Trafik Kazalar\u0131<\/a><\/h5><div class=\"practice-excerpt\">Trafik kazas\u0131 \u00fclkemizde ve d\u00fcnyada s\u0131k\u00e7a meydana gelen bir olayd\u0131r. Her ne kadar bir olay olsa da beraberinde bir\u00e7ok hukuki sorunu do\u011furmaktad\u0131r.<\/div><a class=\"read-more\" href=\"https:\/\/zengerhukuk.com\/index.php\/practice-items\/trafik-kazalari\/\">Learn More<\/a><\/div><\/div><div class=\"col-lg-4 col-sm-6\"><div class=\"practice-item-v2\"><a href=\"https:\/\/zengerhukuk.com\/index.php\/practice-items\/sigorta-hukuku\/\"><div class=\"post-image\"><img loading=\"lazy\" decoding=\"async\" width=\"600\" height=\"400\" src=\"https:\/\/zengerhukuk.com\/wp-content\/uploads\/2019\/08\/practice-2-1.jpg\" class=\"img-fluid wp-post-image\" alt=\"\" srcset=\"https:\/\/zengerhukuk.com\/wp-content\/uploads\/2019\/08\/practice-2-1.jpg 600w, https:\/\/zengerhukuk.com\/wp-content\/uploads\/2019\/08\/practice-2-1-300x200.jpg 300w\" sizes=\"(max-width: 600px) 100vw, 600px\" \/><\/div><\/a><h5 class=\"practice-title-v2\"><a href=\"https:\/\/zengerhukuk.com\/index.php\/practice-items\/sigorta-hukuku\/\">Sigorta Hukuku<\/a><\/h5><div class=\"practice-excerpt\">Sigorta Hukuku hayat\u0131n bir \u00e7ok alan\u0131nda ''mal'' kavram\u0131n\u0131n oldu\u011fu her alanda kar\u015f\u0131m\u0131za \u00e7\u0131kan bir hukuk dal\u0131d\u0131r.<\/div><a class=\"read-more\" href=\"https:\/\/zengerhukuk.com\/index.php\/practice-items\/sigorta-hukuku\/\">Learn More<\/a><\/div><\/div><div class=\"col-lg-4 col-sm-6\"><div class=\"practice-item-v2\"><a href=\"https:\/\/zengerhukuk.com\/index.php\/practice-items\/is-hukuku\/\"><div class=\"post-image\"><img loading=\"lazy\" decoding=\"async\" width=\"600\" height=\"400\" src=\"https:\/\/zengerhukuk.com\/wp-content\/uploads\/2022\/08\/lawyers-home11-1-1-600x400.jpg\" class=\"img-fluid wp-post-image\" alt=\"\" \/><\/div><\/a><h5 class=\"practice-title-v2\"><a href=\"https:\/\/zengerhukuk.com\/index.php\/practice-items\/is-hukuku\/\">\u0130\u015f Hukuku<\/a><\/h5><div class=\"practice-excerpt\">G\u00fcn\u00fcm\u00fczde en \u00e7ok kar\u015f\u0131la\u015ft\u0131\u011f\u0131m\u0131z davalar\u0131n ba\u015f\u0131nda gelen \u0130\u015f Hukuku; i\u015f\u00e7ilik alacaklar\u0131, i\u015f kazalar\u0131 gibi sorunlarda kar\u015f\u0131m\u0131za \u00e7\u0131kar.<\/div><a class=\"read-more\" href=\"https:\/\/zengerhukuk.com\/index.php\/practice-items\/is-hukuku\/\">Learn More<\/a><\/div><\/div><div class=\"col-lg-4 col-sm-6\"><div class=\"practice-item-v2\"><a href=\"https:\/\/zengerhukuk.com\/index.php\/practice-items\/goc-hukuku\/\"><div class=\"post-image\"><img loading=\"lazy\" decoding=\"async\" width=\"600\" height=\"400\" src=\"https:\/\/zengerhukuk.com\/wp-content\/uploads\/2019\/08\/practice-9-1.jpg\" class=\"img-fluid wp-post-image\" alt=\"\" srcset=\"https:\/\/zengerhukuk.com\/wp-content\/uploads\/2019\/08\/practice-9-1.jpg 600w, https:\/\/zengerhukuk.com\/wp-content\/uploads\/2019\/08\/practice-9-1-300x200.jpg 300w\" sizes=\"(max-width: 600px) 100vw, 600px\" \/><\/div><\/a><h5 class=\"practice-title-v2\"><a href=\"https:\/\/zengerhukuk.com\/index.php\/practice-items\/goc-hukuku\/\">G\u00f6\u00e7 Hukuku<\/a><\/h5><div class=\"practice-excerpt\">Bulundu\u011fumuz co\u011frafya sebebiyle \u00fclkemiz her y\u0131l binlerce g\u00f6\u00e7mene ev sahipli\u011fi yapmakta ayn\u0131 zamanda ba\u015fta Avrupa olmak \u00fczere bir\u00e7ok \u00fclkeye de g\u00f6\u00e7 vermektedir.<\/div><a class=\"read-more\" href=\"https:\/\/zengerhukuk.com\/index.php\/practice-items\/goc-hukuku\/\">Learn More<\/a><\/div><\/div><div class=\"col-lg-4 col-sm-6\"><div class=\"practice-item-v2\"><a href=\"https:\/\/zengerhukuk.com\/index.php\/practice-items\/ceza-hukuku\/\"><div class=\"post-image\"><img loading=\"lazy\" decoding=\"async\" width=\"375\" height=\"134\" src=\"https:\/\/zengerhukuk.com\/wp-content\/uploads\/2025\/01\/ceza.jpeg\" class=\"img-fluid wp-post-image\" alt=\"\" srcset=\"https:\/\/zengerhukuk.com\/wp-content\/uploads\/2025\/01\/ceza.jpeg 375w, https:\/\/zengerhukuk.com\/wp-content\/uploads\/2025\/01\/ceza-300x107.jpeg 300w\" sizes=\"(max-width: 375px) 100vw, 375px\" \/><\/div><\/a><h5 class=\"practice-title-v2\"><a href=\"https:\/\/zengerhukuk.com\/index.php\/practice-items\/ceza-hukuku\/\">Ceza Hukuku<\/a><\/h5><div class=\"practice-excerpt\">Ceza Hukuku, toplum d\u00fczenini korumak amac\u0131yla su\u00e7 te\u015fkil eden yani hukuka ayk\u0131r\u0131 davran\u0131\u015flar\u0131 ve bu davran\u0131\u015flar kar\u015f\u0131s\u0131nda uygulanacak yapt\u0131r\u0131mlar\u0131 d\u00fczenleyen kamu hukuku dal\u0131d\u0131r.<\/div><a class=\"read-more\" href=\"https:\/\/zengerhukuk.com\/index.php\/practice-items\/ceza-hukuku\/\">Learn More<\/a><\/div><\/div><div class=\"col-lg-4 col-sm-6\"><div class=\"practice-item-v2\"><a href=\"https:\/\/zengerhukuk.com\/index.php\/practice-items\/saglik-hukuku\/\"><div class=\"post-image\"><img loading=\"lazy\" decoding=\"async\" width=\"600\" height=\"400\" src=\"https:\/\/zengerhukuk.com\/wp-content\/uploads\/2019\/08\/practice-7-1.jpg\" class=\"img-fluid wp-post-image\" alt=\"\" srcset=\"https:\/\/zengerhukuk.com\/wp-content\/uploads\/2019\/08\/practice-7-1.jpg 600w, https:\/\/zengerhukuk.com\/wp-content\/uploads\/2019\/08\/practice-7-1-300x200.jpg 300w\" sizes=\"(max-width: 600px) 100vw, 600px\" \/><\/div><\/a><h5 class=\"practice-title-v2\"><a href=\"https:\/\/zengerhukuk.com\/index.php\/practice-items\/saglik-hukuku\/\">Sa\u011fl\u0131k Hukuku<\/a><\/h5><div class=\"practice-excerpt\">Sa\u011fl\u0131k hukuku, sa\u011fl\u0131k hizmetleri alan\u0131nda faaliyet g\u00f6steren kurumlar ile bu hizmetlerden yararlanan bireyler ve sa\u011fl\u0131k mesle\u011fi mensuplar\u0131 aras\u0131ndaki ili\u015fkileri d\u00fczenleyen hukuk dal\u0131d\u0131r.<\/div><a class=\"read-more\" href=\"https:\/\/zengerhukuk.com\/index.php\/practice-items\/saglik-hukuku\/\">Learn More<\/a><\/div><\/div><div class=\"col-lg-4 col-sm-6\"><div class=\"practice-item-v2\"><a href=\"https:\/\/zengerhukuk.com\/index.php\/practice-items\/aile-hukuku\/\"><div class=\"post-image\"><img loading=\"lazy\" decoding=\"async\" width=\"600\" height=\"400\" src=\"https:\/\/zengerhukuk.com\/wp-content\/uploads\/2019\/08\/practice-6-1.jpg\" class=\"img-fluid wp-post-image\" alt=\"\" srcset=\"https:\/\/zengerhukuk.com\/wp-content\/uploads\/2019\/08\/practice-6-1.jpg 600w, https:\/\/zengerhukuk.com\/wp-content\/uploads\/2019\/08\/practice-6-1-300x200.jpg 300w\" sizes=\"(max-width: 600px) 100vw, 600px\" \/><\/div><\/a><h5 class=\"practice-title-v2\"><a href=\"https:\/\/zengerhukuk.com\/index.php\/practice-items\/aile-hukuku\/\">Aile Hukuku<\/a><\/h5><div class=\"practice-excerpt\">Aile hukuku, bireylerin evlilik, bo\u015fanma, velayet, nafaka, mal payla\u015f\u0131mlar\u0131 ve evlat edinme gibi konularda birbirleriyle olan ili\u015fkilerini d\u00fczenleyen hukuk dal\u0131d\u0131r.<\/div><a class=\"read-more\" href=\"https:\/\/zengerhukuk.com\/index.php\/practice-items\/aile-hukuku\/\">Learn More<\/a><\/div><\/div><div class=\"col-lg-4 col-sm-6\"><div class=\"practice-item-v2\"><a href=\"https:\/\/zengerhukuk.com\/index.php\/practice-items\/gayrimenkul-hukuku\/\"><div class=\"post-image\"><img loading=\"lazy\" decoding=\"async\" width=\"600\" height=\"400\" src=\"https:\/\/zengerhukuk.com\/wp-content\/uploads\/2019\/08\/practice-5-1.jpg\" class=\"img-fluid wp-post-image\" alt=\"\" srcset=\"https:\/\/zengerhukuk.com\/wp-content\/uploads\/2019\/08\/practice-5-1.jpg 600w, https:\/\/zengerhukuk.com\/wp-content\/uploads\/2019\/08\/practice-5-1-300x200.jpg 300w\" sizes=\"(max-width: 600px) 100vw, 600px\" \/><\/div><\/a><h5 class=\"practice-title-v2\"><a href=\"https:\/\/zengerhukuk.com\/index.php\/practice-items\/gayrimenkul-hukuku\/\">Gayrimenkul Hukuku<\/a><\/h5><div class=\"practice-excerpt\">Gayrimenkul Hukuku, ta\u015f\u0131nmaz mallar \u00fczerinde m\u00fclkiyet, intifa, rehin, ipotek, kira s\u00f6zle\u015fmeleri, kamula\u015ft\u0131rma gibi i\u015flemleri d\u00fczenleyen hukuk dal\u0131d\u0131r.<\/div><a class=\"read-more\" href=\"https:\/\/zengerhukuk.com\/index.php\/practice-items\/gayrimenkul-hukuku\/\">Learn More<\/a><\/div><\/div><div class=\"col-lg-4 col-sm-6\"><div class=\"practice-item-v2\"><a href=\"https:\/\/zengerhukuk.com\/index.php\/practice-items\/miras-hukuku\/\"><div class=\"post-image\"><img loading=\"lazy\" decoding=\"async\" width=\"600\" height=\"400\" src=\"https:\/\/zengerhukuk.com\/wp-content\/uploads\/2025\/01\/Miras-600x400.jpg\" class=\"img-fluid wp-post-image\" alt=\"\" srcset=\"https:\/\/zengerhukuk.com\/wp-content\/uploads\/2025\/01\/Miras-600x400.jpg 600w, https:\/\/zengerhukuk.com\/wp-content\/uploads\/2025\/01\/Miras-300x200.jpg 300w, https:\/\/zengerhukuk.com\/wp-content\/uploads\/2025\/01\/Miras-1024x683.jpg 1024w, https:\/\/zengerhukuk.com\/wp-content\/uploads\/2025\/01\/Miras-768x512.jpg 768w, https:\/\/zengerhukuk.com\/wp-content\/uploads\/2025\/01\/Miras-1536x1024.jpg 1536w, https:\/\/zengerhukuk.com\/wp-content\/uploads\/2025\/01\/Miras-2048x1365.jpg 2048w\" sizes=\"(max-width: 600px) 100vw, 600px\" \/><\/div><\/a><h5 class=\"practice-title-v2\"><a href=\"https:\/\/zengerhukuk.com\/index.php\/practice-items\/miras-hukuku\/\">Miras Hukuku<\/a><\/h5><div class=\"practice-excerpt\">Miras Hukuku, bir ki\u015fini n \u00f6l\u00fcm\u00fc veya gaipli\u011fi halinde, geride b\u0131rakt\u0131\u011f\u0131 malvarl\u0131\u011f\u0131n\u0131n kimlere ve ne \u015fekilde intikal edece\u011fini d\u00fczenleyen hukuk dal\u0131d\u0131r.<\/div><a class=\"read-more\" href=\"https:\/\/zengerhukuk.com\/index.php\/practice-items\/miras-hukuku\/\">Learn More<\/a><\/div><\/div><\/div><\/div><\/div>\n\t\t\t\t\t\t<\/div>\n\t\t\t\t<\/div>\n\t\t\t\t\t<\/div>\n\t\t\t\t<\/div>\n\t\t\t\t<section class=\"elementor-section elementor-top-section elementor-element elementor-element-895e5f9 elementor-section-boxed elementor-section-height-default elementor-section-height-default\" data-id=\"895e5f9\" data-element_type=\"section\" data-settings=\"{&quot;background_background&quot;:&quot;classic&quot;}\">\n\t\t\t\t\t\t\t<div class=\"elementor-background-overlay\"><\/div>\n\t\t\t\t\t\t\t<div class=\"elementor-container elementor-column-gap-default\">\n\t\t\t\t\t<div class=\"elementor-column elementor-col-100 elementor-top-column elementor-element elementor-element-8dfc278\" data-id=\"8dfc278\" data-element_type=\"column\">\n\t\t\t<div class=\"elementor-widget-wrap elementor-element-populated\">\n\t\t\t\t\t\t<div class=\"elementor-element elementor-element-d0f66ba heading-subtitle white elementor-widget__width-initial elementor-widget elementor-widget-heading\" data-id=\"d0f66ba\" data-element_type=\"widget\" data-widget_type=\"heading.default\">\n\t\t\t\t<div class=\"elementor-widget-container\">\n\t\t\t\t\t<span class=\"elementor-heading-title elementor-size-default\">Bizimle \u0130leti\u015fime Ge\u00e7in<\/span>\t\t\t\t<\/div>\n\t\t\t\t<\/div>\n\t\t\t\t<div class=\"elementor-element elementor-element-f996146 elementor-widget elementor-widget-shortcode\" data-id=\"f996146\" data-element_type=\"widget\" data-widget_type=\"shortcode.default\">\n\t\t\t\t<div class=\"elementor-widget-container\">\n\t\t\t\t\t\t\t<div class=\"elementor-shortcode\">\n<div class=\"wpcf7 no-js\" id=\"wpcf7-f541-o1\" lang=\"en-US\" dir=\"ltr\" data-wpcf7-id=\"541\">\n<div class=\"screen-reader-response\"><p role=\"status\" aria-live=\"polite\" aria-atomic=\"true\"><\/p> <ul><\/ul><\/div>\n<form action=\"\/index.php\/wp-json\/wp\/v2\/pages\/852#wpcf7-f541-o1\" method=\"post\" class=\"wpcf7-form init\" aria-label=\"Contact form\" novalidate=\"novalidate\" data-status=\"init\">\n<div style=\"display: none;\">\n<input type=\"hidden\" name=\"_wpcf7\" value=\"541\" \/>\n<input type=\"hidden\" name=\"_wpcf7_version\" value=\"6.0.1\" \/>\n<input type=\"hidden\" name=\"_wpcf7_locale\" value=\"en_US\" \/>\n<input type=\"hidden\" name=\"_wpcf7_unit_tag\" value=\"wpcf7-f541-o1\" \/>\n<input type=\"hidden\" name=\"_wpcf7_container_post\" value=\"0\" \/>\n<input type=\"hidden\" name=\"_wpcf7_posted_data_hash\" value=\"\" \/>\n<\/div>\n<div class=\"row\">\n\t<div class=\"col-md-4\">\n\t\t<p><span class=\"wpcf7-form-control-wrap\" data-name=\"your-name\"><input size=\"40\" maxlength=\"400\" class=\"wpcf7-form-control wpcf7-text wpcf7-validates-as-required comm-field margin-b32\" aria-required=\"true\" aria-invalid=\"false\" placeholder=\"Ad\u0131n\u0131z\" value=\"\" type=\"text\" name=\"your-name\" \/><\/span>\n\t\t<\/p>\n\t<\/div>\n\t<div class=\"col-md-4\">\n\t\t<p><span class=\"wpcf7-form-control-wrap\" data-name=\"your-email\"><input size=\"40\" maxlength=\"400\" class=\"wpcf7-form-control wpcf7-email wpcf7-validates-as-required wpcf7-text wpcf7-validates-as-email comm-field margin-b32\" aria-required=\"true\" aria-invalid=\"false\" placeholder=\"Email\" value=\"\" type=\"email\" name=\"your-email\" \/><\/span>\n\t\t<\/p>\n\t<\/div>\n\t<div class=\"col-md-4\">\n\t\t<p><span class=\"wpcf7-form-control-wrap\" data-name=\"your-phone\"><input size=\"40\" maxlength=\"12\" minlength=\"10\" class=\"wpcf7-form-control wpcf7-tel wpcf7-validates-as-required wpcf7-text wpcf7-validates-as-tel comm-field margin-b32\" aria-required=\"true\" aria-invalid=\"false\" placeholder=\"Telefon\" value=\"\" type=\"tel\" name=\"your-phone\" \/><\/span>\n\t\t<\/p>\n\t<\/div>\n<\/div>\n<p><span class=\"wpcf7-form-control-wrap\" data-name=\"your-message\"><textarea cols=\"40\" rows=\"5\" maxlength=\"2000\" class=\"wpcf7-form-control wpcf7-textarea wpcf7-validates-as-required\" id=\"msg-contact\" aria-required=\"true\" aria-invalid=\"false\" placeholder=\"Mesaj\u0131n\u0131z\" name=\"your-message\"><\/textarea><\/span>\n<\/p>\n<p><input class=\"wpcf7-form-control wpcf7-submit has-spinner\" id=\"submit-contact\" type=\"submit\" value=\"Mesaj\u0131 G\u00f6nder\" \/>\n<\/p><div class=\"wpcf7-response-output\" aria-hidden=\"true\"><\/div>\n<\/form>\n<\/div>\n<\/div>\n\t\t\t\t\t\t<\/div>\n\t\t\t\t<\/div>\n\t\t\t\t\t<\/div>\n\t\t<\/div>\n\t\t\t\t\t<\/div>\n\t\t<\/section>\n\t\t\t\t<section class=\"elementor-section elementor-top-section elementor-element elementor-element-33ebb81 elementor-section-full_width elementor-section-height-default elementor-section-height-default\" data-id=\"33ebb81\" data-element_type=\"section\">\n\t\t\t\t\t\t<div class=\"elementor-container elementor-column-gap-no\">\n\t\t\t\t\t<div class=\"elementor-column elementor-col-100 elementor-top-column elementor-element elementor-element-3de589c\" data-id=\"3de589c\" data-element_type=\"column\">\n\t\t\t<div class=\"elementor-widget-wrap elementor-element-populated\">\n\t\t\t\t\t\t<div class=\"elementor-element elementor-element-ac6f5eb elementor-widget elementor-widget-google_maps\" data-id=\"ac6f5eb\" data-element_type=\"widget\" data-widget_type=\"google_maps.default\">\n\t\t\t\t<div class=\"elementor-widget-container\">\n\t\t\t\t\t\t\t<div class=\"elementor-custom-embed\">\n\t\t\t<iframe loading=\"lazy\"\n\t\t\t\t\tsrc=\"https:\/\/maps.google.com\/maps?q=39.907734%2C%2041.270359&#038;t=m&#038;z=18&#038;output=embed&#038;iwloc=near\"\n\t\t\t\t\ttitle=\"39.907734, 41.270359\"\n\t\t\t\t\taria-label=\"39.907734, 41.270359\"\n\t\t\t><\/iframe>\n\t\t<\/div>\n\t\t\t\t\t\t<\/div>\n\t\t\t\t<\/div>\n\t\t\t\t\t<\/div>\n\t\t<\/div>\n\t\t\t\t\t<\/div>\n\t\t<\/section>\n\t\t\t\t<\/div>\n\t\t","protected":false},"excerpt":{"rendered":"<p>Zenger Hukuk &amp; Dan\u0131\u015fmanl\u0131k Adalet aray\u0131\u015f\u0131n\u0131zda yan\u0131n\u0131zday\u0131z. Alan\u0131nda uzman avukatlar\u0131m\u0131z, hukukun her alan\u0131nda size en do\u011fru rehberli\u011fi sunmak i\u00e7in burada. \u0130\u015fimizi sadece mesleki bir sorumluluk olarak de\u011fil, ayn\u0131 zamanda size hak etti\u011finiz g\u00fcveni ve huzuru sa\u011flama misyonu olarak g\u00f6r\u00fcyoruz. \u0130ster&#8230;<\/p>\n","protected":false},"author":1,"featured_media":0,"parent":0,"menu_order":0,"comment_status":"closed","ping_status":"closed","template":"my-templates\/template-home-elementor.php","meta":{"_acf_changed":false,"footnotes":""},"class_list":["post-852","page","type-page","status-publish","hentry"],"acf":[],"_links":{"self":[{"href":"https:\/\/zengerhukuk.com\/index.php\/wp-json\/wp\/v2\/pages\/852","targetHints":{"allow":["GET"]}}],"collection":[{"href":"https:\/\/zengerhukuk.com\/index.php\/wp-json\/wp\/v2\/pages"}],"about":[{"href":"https:\/\/zengerhukuk.com\/index.php\/wp-json\/wp\/v2\/types\/page"}],"author":[{"embeddable":true,"href":"https:\/\/zengerhukuk.com\/index.php\/wp-json\/wp\/v2\/users\/1"}],"replies":[{"embeddable":true,"href":"https:\/\/zengerhukuk.com\/index.php\/wp-json\/wp\/v2\/comments?post=852"}],"version-history":[{"count":43,"href":"https:\/\/zengerhukuk.com\/index.php\/wp-json\/wp\/v2\/pages\/852\/revisions"}],"predecessor-version":[{"id":3534,"href":"https:\/\/zengerhukuk.com\/index.php\/wp-json\/wp\/v2\/pages\/852\/revisions\/3534"}],"wp:attachment":[{"href":"https:\/\/zengerhukuk.com\/index.php\/wp-json\/wp\/v2\/media?parent=852"}],"curies":[{"name":"wp","href":"https:\/\/api.w.org\/{rel}","templated":true}]}}